{"id":66,"date":"2025-12-06T21:52:33","date_gmt":"2025-12-06T21:52:33","guid":{"rendered":"https:\/\/cezaevikart.com.tr\/?page_id=66"},"modified":"2025-12-06T21:53:09","modified_gmt":"2025-12-06T21:53:09","slug":"iletisim","status":"publish","type":"page","link":"https:\/\/cezaevikart.com.tr\/?page_id=66","title":{"rendered":"\u0130leti\u015fim"},"content":{"rendered":"\n<h1 class=\"wp-block-heading\"><strong>\u0130leti\u015fim<\/strong><\/h1>\n\n\n\n<p>Sorular\u0131n\u0131z, bilgilendirme talepleriniz veya destek ihtiya\u00e7lar\u0131n\u0131z i\u00e7in bize her zaman ula\u015fabilirsiniz.<br><strong>WhatsApp Destek Hatt\u0131:<\/strong> <strong>0535 668 74 22<\/strong><br><strong>Destek Saatleri:<\/strong> 7\/24 Aktif<\/p>\n","protected":false},"excerpt":{"rendered":"<p>\u0130leti\u015fim Sorular\u0131n\u0131z, bilgilendirme talepleriniz veya destek ihtiya\u00e7lar\u0131n\u0131z i\u00e7in bize her zaman ula\u015fabilirsiniz.WhatsApp Destek Hatt\u0131: 0535 668 74 22Destek Saatleri: 7\/24 Aktif<\/p>\n","protected":false},"author":1,"featured_media":0,"parent":0,"menu_order":0,"comment_status":"closed","ping_status":"closed","template":"","meta":{"footnotes":""},"class_list":["post-66","page","type-page","status-publish","hentry"],"_links":{"self":[{"href":"https:\/\/cezaevikart.com.tr\/index.php?rest_route=\/wp\/v2\/pages\/66","targetHints":{"allow":["GET"]}}],"collection":[{"href":"https:\/\/cezaevikart.com.tr\/index.php?rest_route=\/wp\/v2\/pages"}],"about":[{"href":"https:\/\/cezaevikart.com.tr\/index.php?rest_route=\/wp\/v2\/types\/page"}],"author":[{"embeddable":true,"href":"https:\/\/cezaevikart.com.tr\/index.php?rest_route=\/wp\/v2\/users\/1"}],"replies":[{"embeddable":true,"href":"https:\/\/cezaevikart.com.tr\/index.php?rest_route=%2Fwp%2Fv2%2Fcomments&post=66"}],"version-history":[{"count":2,"href":"https:\/\/cezaevikart.com.tr\/index.php?rest_route=\/wp\/v2\/pages\/66\/revisions"}],"predecessor-version":[{"id":73,"href":"https:\/\/cezaevikart.com.tr\/index.php?rest_route=\/wp\/v2\/pages\/66\/revisions\/73"}],"wp:attachment":[{"href":"https:\/\/cezaevikart.com.tr\/index.php?rest_route=%2Fwp%2Fv2%2Fmedia&parent=66"}],"curies":[{"name":"wp","href":"https:\/\/api.w.org\/{rel}","templated":true}]}}